{"id":4069,"date":"2025-05-20T10:09:39","date_gmt":"2025-05-20T13:09:39","guid":{"rendered":"https:\/\/sceu.frba.utn.edu.ar\/servicios-estrategicos\/?page_id=4069"},"modified":"2025-05-20T10:36:20","modified_gmt":"2025-05-20T13:36:20","slug":"laboratorio-de-calibracion-y-ensayos-electricos","status":"publish","type":"page","link":"https:\/\/sceu.frba.utn.edu.ar\/servicios-estrategicos\/laboratorio-de-calibracion-y-ensayos-electricos\/","title":{"rendered":"Laboratorio de Calibraci\u00f3n y Ensayos El\u00e9ctricos"},"content":{"rendered":"\t\t<div data-elementor-type=\"wp-page\" data-elementor-id=\"4069\" class=\"elementor elementor-4069\">\n\t\t\t\t\t\t<section class=\"elementor-section elementor-top-section elementor-element elementor-element-fce570 elementor-section-full_width elementor-section-height-min-height elementor-section-stretched elementor-section-height-default elementor-section-items-middle wpr-particle-no wpr-jarallax-no wpr-parallax-no wpr-sticky-section-no\" data-id=\"fce570\" data-element_type=\"section\" data-settings=\"{&quot;background_background&quot;:&quot;classic&quot;,&quot;stretch_section&quot;:&quot;section-stretched&quot;}\">\n\t\t\t\t\t\t\t<div class=\"elementor-background-overlay\"><\/div>\n\t\t\t\t\t\t\t<div class=\"elementor-container elementor-column-gap-no\">\n\t\t\t\t\t<div class=\"elementor-column elementor-col-100 elementor-top-column elementor-element elementor-element-7bbae67c\" data-id=\"7bbae67c\" data-element_type=\"column\">\n\t\t\t<div class=\"elementor-widget-wrap elementor-element-populated\">\n\t\t\t\t\t\t<div class=\"elementor-element elementor-element-42f966e6 elementor-widget-mobile__width-initial elementor-widget elementor-widget-heading\" data-id=\"42f966e6\" data-element_type=\"widget\" data-widget_type=\"heading.default\">\n\t\t\t\t<div class=\"elementor-widget-container\">\n\t\t\t\t\t<h2 class=\"elementor-heading-title elementor-size-default\">Laboratorio de Calibraci\u00f3n y Ensayos El\u00e9ctricos<\/h2>\t\t\t\t<\/div>\n\t\t\t\t<\/div>\n\t\t\t\t\t<\/div>\n\t\t<\/div>\n\t\t\t\t\t<\/div>\n\t\t<\/section>\n\t\t\t\t<section class=\"elementor-section elementor-top-section elementor-element elementor-element-71fb7d51 elementor-section-full_width elementor-section-content-middle elementor-section-stretched elementor-section-height-default elementor-section-height-default wpr-particle-no wpr-jarallax-no wpr-parallax-no wpr-sticky-section-no\" data-id=\"71fb7d51\" data-element_type=\"section\" data-settings=\"{&quot;background_background&quot;:&quot;classic&quot;,&quot;stretch_section&quot;:&quot;section-stretched&quot;}\">\n\t\t\t\t\t\t<div class=\"elementor-container elementor-column-gap-no\">\n\t\t\t\t\t<div class=\"elementor-column elementor-col-100 elementor-top-column elementor-element elementor-element-152e1fef\" data-id=\"152e1fef\" data-element_type=\"column\">\n\t\t\t<div class=\"elementor-widget-wrap elementor-element-populated\">\n\t\t\t\t\t\t<section class=\"elementor-section elementor-inner-section elementor-element elementor-element-7161a533 elementor-section-content-middle elementor-reverse-tablet elementor-reverse-mobile elementor-section-boxed elementor-section-height-default elementor-section-height-default wpr-particle-no wpr-jarallax-no wpr-parallax-no wpr-sticky-section-no\" data-id=\"7161a533\" data-element_type=\"section\">\n\t\t\t\t\t\t<div class=\"elementor-container elementor-column-gap-no\">\n\t\t\t\t\t<div class=\"elementor-column elementor-col-100 elementor-inner-column elementor-element elementor-element-3a6049ba\" data-id=\"3a6049ba\" data-element_type=\"column\">\n\t\t\t<div class=\"elementor-widget-wrap elementor-element-populated\">\n\t\t\t\t\t\t<div class=\"elementor-element elementor-element-19c7752e elementor-widget__width-initial elementor-widget elementor-widget-heading\" data-id=\"19c7752e\" data-element_type=\"widget\" data-widget_type=\"heading.default\">\n\t\t\t\t<div class=\"elementor-widget-container\">\n\t\t\t\t\t<h2 class=\"elementor-heading-title elementor-size-default\">UTN \u2013 FRBA   Laboratorio N\u00b0 89<\/h2>\t\t\t\t<\/div>\n\t\t\t\t<\/div>\n\t\t\t\t<div class=\"elementor-element elementor-element-60f85ffa elementor-invisible elementor-widget elementor-widget-image\" data-id=\"60f85ffa\" data-element_type=\"widget\" data-settings=\"{&quot;_animation&quot;:&quot;fadeInLeft&quot;}\" data-widget_type=\"image.default\">\n\t\t\t\t<div class=\"elementor-widget-container\">\n\t\t\t\t\t\t\t\t\t\t\t\t\t\t\t<img fetchpriority=\"high\" decoding=\"async\" width=\"300\" height=\"300\" src=\"https:\/\/sceu.frba.utn.edu.ar\/servicios-estrategicos\/wp-content\/uploads\/sites\/602\/2025\/05\/Aplicacion-Logos-INTI-CMYK-01-1024x1024-1-300x300.jpeg\" class=\"attachment-medium size-medium wp-image-4072\" alt=\"\" srcset=\"https:\/\/sceu.frba.utn.edu.ar\/servicios-estrategicos\/wp-content\/uploads\/sites\/602\/2025\/05\/Aplicacion-Logos-INTI-CMYK-01-1024x1024-1-300x300.jpeg 300w, https:\/\/sceu.frba.utn.edu.ar\/servicios-estrategicos\/wp-content\/uploads\/sites\/602\/2025\/05\/Aplicacion-Logos-INTI-CMYK-01-1024x1024-1-150x150.jpeg 150w, https:\/\/sceu.frba.utn.edu.ar\/servicios-estrategicos\/wp-content\/uploads\/sites\/602\/2025\/05\/Aplicacion-Logos-INTI-CMYK-01-1024x1024-1-768x768.jpeg 768w, https:\/\/sceu.frba.utn.edu.ar\/servicios-estrategicos\/wp-content\/uploads\/sites\/602\/2025\/05\/Aplicacion-Logos-INTI-CMYK-01-1024x1024-1-700x700.jpeg 700w, https:\/\/sceu.frba.utn.edu.ar\/servicios-estrategicos\/wp-content\/uploads\/sites\/602\/2025\/05\/Aplicacion-Logos-INTI-CMYK-01-1024x1024-1.jpeg 1024w\" sizes=\"(max-width: 300px) 100vw, 300px\" \/>\t\t\t\t\t\t\t\t\t\t\t\t\t\t\t<\/div>\n\t\t\t\t<\/div>\n\t\t\t\t\t<\/div>\n\t\t<\/div>\n\t\t\t\t\t<\/div>\n\t\t<\/section>\n\t\t\t\t\t<\/div>\n\t\t<\/div>\n\t\t\t\t\t<\/div>\n\t\t<\/section>\n\t\t\t\t<section class=\"elementor-section elementor-top-section elementor-element elementor-element-1e60cae0 elementor-section-stretched elementor-section-boxed elementor-section-height-default elementor-section-height-default wpr-particle-no wpr-jarallax-no wpr-parallax-no wpr-sticky-section-no elementor-invisible\" data-id=\"1e60cae0\" data-element_type=\"section\" data-settings=\"{&quot;stretch_section&quot;:&quot;section-stretched&quot;,&quot;background_background&quot;:&quot;classic&quot;,&quot;animation&quot;:&quot;fadeInUp&quot;}\">\n\t\t\t\t\t\t<div class=\"elementor-container elementor-column-gap-default\">\n\t\t\t\t\t<div class=\"elementor-column elementor-col-100 elementor-top-column elementor-element elementor-element-1d387241\" data-id=\"1d387241\" data-element_type=\"column\">\n\t\t\t<div class=\"elementor-widget-wrap elementor-element-populated\">\n\t\t\t\t\t\t<div class=\"elementor-element elementor-element-446e8cc9 elementor-widget__width-auto elementor-absolute elementor-widget elementor-widget-image\" data-id=\"446e8cc9\" data-element_type=\"widget\" data-settings=\"{&quot;_position&quot;:&quot;absolute&quot;}\" data-widget_type=\"image.default\">\n\t\t\t\t<div class=\"elementor-widget-container\">\n\t\t\t\t\t\t\t\t\t\t\t\t\t\t\t<img decoding=\"async\" width=\"183\" height=\"302\" src=\"https:\/\/sceu.frba.utn.edu.ar\/servicios-estrategicos\/wp-content\/uploads\/sites\/602\/2024\/05\/96ac75cb-object-8our-exprience.png\" class=\"attachment-full size-full wp-image-237\" alt=\"\" srcset=\"https:\/\/sceu.frba.utn.edu.ar\/servicios-estrategicos\/wp-content\/uploads\/sites\/602\/2024\/05\/96ac75cb-object-8our-exprience.png 183w, https:\/\/sceu.frba.utn.edu.ar\/servicios-estrategicos\/wp-content\/uploads\/sites\/602\/2024\/05\/96ac75cb-object-8our-exprience-182x300.png 182w\" sizes=\"(max-width: 183px) 100vw, 183px\" \/>\t\t\t\t\t\t\t\t\t\t\t\t\t\t\t<\/div>\n\t\t\t\t<\/div>\n\t\t\t\t<div class=\"elementor-element elementor-element-2dba5729 elementor-widget elementor-widget-heading\" data-id=\"2dba5729\" data-element_type=\"widget\" data-widget_type=\"heading.default\">\n\t\t\t\t<div class=\"elementor-widget-container\">\n\t\t\t\t\t<h2 class=\"elementor-heading-title elementor-size-default\">Servicios, campo de medida e incertidumbre de medici\u00f3n<\/h2>\t\t\t\t<\/div>\n\t\t\t\t<\/div>\n\t\t\t\t\t<\/div>\n\t\t<\/div>\n\t\t\t\t\t<\/div>\n\t\t<\/section>\n\t\t<div class=\"elementor-element elementor-element-beb01a9 e-flex e-con-boxed wpr-particle-no wpr-jarallax-no wpr-parallax-no wpr-sticky-section-no e-con e-parent\" data-id=\"beb01a9\" data-element_type=\"container\">\n\t\t\t\t\t<div class=\"e-con-inner\">\n\t\t\t\t<div class=\"elementor-element elementor-element-3b47dde elementor-widget elementor-widget-html\" data-id=\"3b47dde\" data-element_type=\"widget\" data-widget_type=\"html.default\">\n\t\t\t\t<div class=\"elementor-widget-container\">\n\t\t\t\t\t<table style=\"width:100%;border-collapse:collapse;font-family:'Open Sans', sans-serif;font-size:14px;color:#333\">\n  <thead style=\"background-color:#e6e6e6\">\n    <tr>\n      <th style=\"border:1px solid #ccc;padding:8px\">SERVICIOS<\/th>\n      <th style=\"border:1px solid #ccc;padding:8px\">CAMPOS DE MEDIDA<\/th>\n      <th style=\"border:1px solid #ccc;padding:8px\">M\u00cdNIMA INCERTIDUMBRE (X)<\/th>\n      <th style=\"border:1px solid #ccc;padding:8px\">PROCEDIMIENTO<\/th>\n    <\/tr>\n  <\/thead>\n  <tbody>\n    <tr>\n      <td style=\"border:1px solid #ccc;padding:8px\" rowspan=\"3\">Calibraci\u00f3n de resistores<\/td>\n      <td style=\"border:1px solid #ccc;padding:8px\">10 \u03a9 \u2013 100 \u03a9<\/td>\n      <td style=\"border:1px solid #ccc;padding:8px\">0,04%<\/td>\n      <td style=\"border:1px solid #ccc;padding:8px\" rowspan=\"3\">PO-LAB-TEC-01<\/td>\n    <\/tr>\n    <tr>\n      <td style=\"border:1px solid #ccc;padding:8px\">100,01 \u03a9 \u2013 100 k\u03a9<\/td>\n      <td style=\"border:1px solid #ccc;padding:8px\">0,02%<\/td>\n    <\/tr>\n    <tr>\n      <td style=\"border:1px solid #ccc;padding:8px\">100,01 k\u03a9 \u2013 10 M\u03a9<\/td>\n      <td style=\"border:1px solid #ccc;padding:8px\">0,03%<\/td>\n    <\/tr>\n    <tr>\n      <td style=\"border:1px solid #ccc;padding:8px\">Calibraci\u00f3n de mult\u00edmetros en tensi\u00f3n alterna 50Hz<\/td>\n      <td style=\"border:1px solid #ccc;padding:8px\">0 V \u2013 1000 V<\/td>\n      <td style=\"border:1px solid #ccc;padding:8px\">0,1%<\/td>\n      <td style=\"border:1px solid #ccc;padding:8px\">PO-LAB-TEC-02<\/td>\n    <\/tr>\n    <tr>\n      <td style=\"border:1px solid #ccc;padding:8px\">Calibraci\u00f3n de mult\u00edmetros en tensi\u00f3n continua<\/td>\n      <td style=\"border:1px solid #ccc;padding:8px\">0 V \u2013 600 V<\/td>\n      <td style=\"border:1px solid #ccc;padding:8px\">0,02%<\/td>\n      <td style=\"border:1px solid #ccc;padding:8px\">PO-LAB-TEC-02<\/td>\n    <\/tr>\n    <tr>\n      <td style=\"border:1px solid #ccc;padding:8px\">Calibraci\u00f3n de mult\u00edmetros en corriente alterna 50Hz<\/td>\n      <td style=\"border:1px solid #ccc;padding:8px\">100 \u00b5A \u2013 1,9 A<\/td>\n      <td style=\"border:1px solid #ccc;padding:8px\">0,25%<\/td>\n      <td style=\"border:1px solid #ccc;padding:8px\">PO-LAB-TEC-03<\/td>\n    <\/tr>\n    <tr>\n      <td style=\"border:1px solid #ccc;padding:8px\" rowspan=\"2\">Calibraci\u00f3n de mult\u00edmetros en corriente continua<\/td>\n      <td style=\"border:1px solid #ccc;padding:8px\">100 \u00b5A \u2013 1 A<\/td>\n      <td style=\"border:1px solid #ccc;padding:8px\">0,1%<\/td>\n      <td style=\"border:1px solid #ccc;padding:8px\" rowspan=\"2\">PO-LAB-TEC-03<\/td>\n    <\/tr>\n    <tr>\n      <td style=\"border:1px solid #ccc;padding:8px\">1,01 A \u2013 1,9 A<\/td>\n      <td style=\"border:1px solid #ccc;padding:8px\">0,15%<\/td>\n    <\/tr>\n    <tr>\n      <td style=\"border:1px solid #ccc;padding:8px\" rowspan=\"3\">Calibraci\u00f3n de telur\u00edmetros<\/td>\n      <td style=\"border:1px solid #ccc;padding:8px\">0 \u03a9<\/td>\n      <td style=\"border:1px solid #ccc;padding:8px\">5 m\u03a9<\/td>\n      <td style=\"border:1px solid #ccc;padding:8px\" rowspan=\"3\">PO-LAB-TEC-03<\/td>\n    <\/tr>\n    <tr>\n      <td style=\"border:1px solid #ccc;padding:8px\">0,1 \u03a9<\/td>\n      <td style=\"border:1px solid #ccc;padding:8px\">0,1%<\/td>\n    <\/tr>\n    <tr>\n      <td style=\"border:1px solid #ccc;padding:8px\">4 \u03a9 \u2013 10 k\u03a9<\/td>\n      <td style=\"border:1px solid #ccc;padding:8px\">0,1%<\/td>\n    <\/tr>\n  <\/tbody>\n<\/table>\n\n<p style=\"font-size:13px;color:#555;margin-top:12px\">\n  <strong>(x)<\/strong> Es la menor incertidumbre de medida que el laboratorio puede proporcionar a sus clientes, expresada como incertidumbre expandida para un nivel de confianza de aproximadamente del 95%, con un factor de cobertura k=2. Salvo que se indique lo contrario, las incertidumbres expresadas en % se refieren a la incertidumbre relativa del instrumento calibrado o valor materializado, seg\u00fan corresponda.\n<\/p>\n\t\t\t\t<\/div>\n\t\t\t\t<\/div>\n\t\t\t\t\t<\/div>\n\t\t\t\t<\/div>\n\t\t\t\t<\/div>\n\t\t","protected":false},"excerpt":{"rendered":"<p>Laboratorio de Calibraci\u00f3n y Ensayos El\u00e9ctricos UTN \u2013 FRBA Laboratorio N\u00b0 89 Servicios, campo de medida e incertidumbre de medici\u00f3n SERVICIOS CAMPOS DE MEDIDA M\u00cdNIMA INCERTIDUMBRE (X) PROCEDIMIENTO Calibraci\u00f3n de resistores 10 \u03a9 \u2013 100 \u03a9 0,04% PO-LAB-TEC-01 100,01 \u03a9 \u2013 100 k\u03a9 0,02% 100,01 k\u03a9 \u2013 10 M\u03a9 0,03% Calibraci\u00f3n de mult\u00edmetros en tensi\u00f3n alterna 50Hz 0 V \u2013 1000 V 0,1% PO-LAB-TEC-02 Calibraci\u00f3n de mult\u00edmetros en tensi\u00f3n continua 0 V \u2013 600 V 0,02% PO-LAB-TEC-02 Calibraci\u00f3n de mult\u00edmetros en corriente alterna 50Hz 100 \u00b5A \u2013 1,9 A 0,25% PO-LAB-TEC-03 Calibraci\u00f3n de mult\u00edmetros en corriente continua 100 \u00b5A \u2013 1 A 0,1% PO-LAB-TEC-03 1,01 A \u2013 1,9 A 0,15% Calibraci\u00f3n de telur\u00edmetros 0 \u03a9 5 m\u03a9 PO-LAB-TEC-03 0,1 \u03a9 0,1% 4 \u03a9 \u2013 10 k\u03a9 0,1% (x) Es la menor incertidumbre de medida que el laboratorio puede proporcionar a sus clientes, expresada como incertidumbre expandida para un nivel de confianza de aproximadamente del 95%, con un factor de cobertura k=2. Salvo que se indique lo contrario, las incertidumbres expresadas en % se refieren a la incertidumbre relativa del instrumento calibrado o valor materializado, seg\u00fan corresponda.<\/p>\n","protected":false},"author":239,"featured_media":0,"parent":0,"menu_order":0,"comment_status":"closed","ping_status":"closed","template":"","meta":{"_acf_changed":false,"footnotes":""},"class_list":["post-4069","page","type-page","status-publish","hentry"],"acf":[],"_links":{"self":[{"href":"https:\/\/sceu.frba.utn.edu.ar\/servicios-estrategicos\/wp-json\/wp\/v2\/pages\/4069","targetHints":{"allow":["GET"]}}],"collection":[{"href":"https:\/\/sceu.frba.utn.edu.ar\/servicios-estrategicos\/wp-json\/wp\/v2\/pages"}],"about":[{"href":"https:\/\/sceu.frba.utn.edu.ar\/servicios-estrategicos\/wp-json\/wp\/v2\/types\/page"}],"author":[{"embeddable":true,"href":"https:\/\/sceu.frba.utn.edu.ar\/servicios-estrategicos\/wp-json\/wp\/v2\/users\/239"}],"replies":[{"embeddable":true,"href":"https:\/\/sceu.frba.utn.edu.ar\/servicios-estrategicos\/wp-json\/wp\/v2\/comments?post=4069"}],"version-history":[{"count":20,"href":"https:\/\/sceu.frba.utn.edu.ar\/servicios-estrategicos\/wp-json\/wp\/v2\/pages\/4069\/revisions"}],"predecessor-version":[{"id":4093,"href":"https:\/\/sceu.frba.utn.edu.ar\/servicios-estrategicos\/wp-json\/wp\/v2\/pages\/4069\/revisions\/4093"}],"wp:attachment":[{"href":"https:\/\/sceu.frba.utn.edu.ar\/servicios-estrategicos\/wp-json\/wp\/v2\/media?parent=4069"}],"curies":[{"name":"wp","href":"https:\/\/api.w.org\/{rel}","templated":true}]}}