{"id":942,"date":"2024-05-15T18:13:24","date_gmt":"2024-05-15T21:13:24","guid":{"rendered":"https:\/\/sceu.frba.utn.edu.ar\/asat\/servicios-2\/"},"modified":"2024-05-16T15:34:50","modified_gmt":"2024-05-16T18:34:50","slug":"servicios","status":"publish","type":"page","link":"https:\/\/sceu.frba.utn.edu.ar\/servicios-estrategicos\/servicios\/","title":{"rendered":"Servicios"},"content":{"rendered":"\t\t<div data-elementor-type=\"wp-page\" data-elementor-id=\"942\" class=\"elementor elementor-942\">\n\t\t\t\t\t\t<section class=\"elementor-section elementor-top-section elementor-element elementor-element-6999f85a elementor-section-full_width elementor-section-height-min-height elementor-section-stretched elementor-section-height-default elementor-section-items-middle wpr-particle-no wpr-jarallax-no wpr-parallax-no wpr-sticky-section-no\" data-id=\"6999f85a\" data-element_type=\"section\" data-settings=\"{&quot;background_background&quot;:&quot;classic&quot;,&quot;stretch_section&quot;:&quot;section-stretched&quot;}\">\n\t\t\t\t\t\t\t<div class=\"elementor-background-overlay\"><\/div>\n\t\t\t\t\t\t\t<div class=\"elementor-container elementor-column-gap-no\">\n\t\t\t\t\t<div class=\"elementor-column elementor-col-100 elementor-top-column elementor-element elementor-element-257c9200\" data-id=\"257c9200\" data-element_type=\"column\">\n\t\t\t<div class=\"elementor-widget-wrap elementor-element-populated\">\n\t\t\t\t\t\t<div class=\"elementor-element elementor-element-119b87b0 elementor-widget-mobile__width-initial elementor-widget elementor-widget-heading\" data-id=\"119b87b0\" data-element_type=\"widget\" data-widget_type=\"heading.default\">\n\t\t\t\t<div class=\"elementor-widget-container\">\n\t\t\t\t\t<h2 class=\"elementor-heading-title elementor-size-default\">Servicios<\/h2>\t\t\t\t<\/div>\n\t\t\t\t<\/div>\n\t\t\t\t<div class=\"elementor-element elementor-element-71b30225 elementor-widget-mobile__width-initial elementor-widget elementor-widget-text-editor\" data-id=\"71b30225\" data-element_type=\"widget\" data-widget_type=\"text-editor.default\">\n\t\t\t\t<div class=\"elementor-widget-container\">\n\t\t\t\t\t\t\t\t\t<p><span style=\"font-weight: 400\">Soluciones integrales y un equipo de profesionales comprometidos para colaborar y acompa\u00f1ar los desaf\u00edos de las organizaciones, empresas y emprendimientos.<\/span><\/p>\t\t\t\t\t\t\t\t<\/div>\n\t\t\t\t<\/div>\n\t\t\t\t\t<\/div>\n\t\t<\/div>\n\t\t\t\t\t<\/div>\n\t\t<\/section>\n\t\t\t\t<section class=\"elementor-section elementor-top-section elementor-element elementor-element-12e5d364 elementor-section-stretched elementor-section-full_width elementor-section-content-middle elementor-section-height-default elementor-section-height-default wpr-particle-no wpr-jarallax-no wpr-parallax-no wpr-sticky-section-no\" data-id=\"12e5d364\" data-element_type=\"section\" data-settings=\"{&quot;stretch_section&quot;:&quot;section-stretched&quot;,&quot;background_background&quot;:&quot;classic&quot;}\">\n\t\t\t\t\t\t<div class=\"elementor-container elementor-column-gap-no\">\n\t\t\t\t\t<div class=\"elementor-column elementor-col-100 elementor-top-column elementor-element elementor-element-1ec198a8\" data-id=\"1ec198a8\" data-element_type=\"column\">\n\t\t\t<div class=\"elementor-widget-wrap elementor-element-populated\">\n\t\t\t\t\t\t<section class=\"elementor-section elementor-inner-section elementor-element elementor-element-37480208 elementor-section-content-middle elementor-section-boxed elementor-section-height-default elementor-section-height-default wpr-particle-no wpr-jarallax-no wpr-parallax-no wpr-sticky-section-no\" data-id=\"37480208\" data-element_type=\"section\">\n\t\t\t\t\t\t<div class=\"elementor-container elementor-column-gap-no\">\n\t\t\t\t\t<div class=\"elementor-column elementor-col-50 elementor-inner-column elementor-element elementor-element-353ff547 elementor-invisible\" data-id=\"353ff547\" data-element_type=\"column\" data-settings=\"{&quot;animation&quot;:&quot;fadeInLeft&quot;}\">\n\t\t\t<div class=\"elementor-widget-wrap elementor-element-populated\">\n\t\t\t\t\t\t<div class=\"elementor-element elementor-element-552df048 elementor-widget elementor-widget-heading\" data-id=\"552df048\" data-element_type=\"widget\" data-widget_type=\"heading.default\">\n\t\t\t\t<div class=\"elementor-widget-container\">\n\t\t\t\t\t<h2 class=\"elementor-heading-title elementor-size-default\">Servicios de Consultor\u00eda<\/h2>\t\t\t\t<\/div>\n\t\t\t\t<\/div>\n\t\t\t\t<div class=\"elementor-element elementor-element-36808e30 elementor-widget elementor-widget-text-editor\" data-id=\"36808e30\" data-element_type=\"widget\" data-widget_type=\"text-editor.default\">\n\t\t\t\t<div class=\"elementor-widget-container\">\n\t\t\t\t\t\t\t\t\t<p><span style=\"font-weight: 400\">En cada proyecto, a trav\u00e9s de nuestros centros especializados nos comprometemos a ofrecer un servicio personalizado, basado en la experiencia, la profesionalidad y la \u00e9tica. Nos enorgullece ser parte del crecimiento y \u00e9xito de las organizaciones que conf\u00edan en nuestra experiencia y capacidad de innovaci\u00f3n.<\/span><\/p>\t\t\t\t\t\t\t\t<\/div>\n\t\t\t\t<\/div>\n\t\t\t\t<div class=\"elementor-element elementor-element-45250d09 elementor-widget elementor-widget-text-editor\" data-id=\"45250d09\" data-element_type=\"widget\" data-widget_type=\"text-editor.default\">\n\t\t\t\t<div class=\"elementor-widget-container\">\n\t\t\t\t\t\t\t\t\t<p><strong>Conectamos la Facultad Regional Buenos Aires y sus conocimientos, con la realidad de las organizaciones.<\/strong><\/p>\t\t\t\t\t\t\t\t<\/div>\n\t\t\t\t<\/div>\n\t\t\t\t<div class=\"elementor-element elementor-element-398e8480 elementor-widget elementor-widget-button\" data-id=\"398e8480\" data-element_type=\"widget\" data-widget_type=\"button.default\">\n\t\t\t\t<div class=\"elementor-widget-container\">\n\t\t\t\t\t\t\t\t\t<div class=\"elementor-button-wrapper\">\n\t\t\t\t\t<a class=\"elementor-button elementor-button-link elementor-size-sm\" href=\"https:\/\/sceu.frba.utn.edu.ar\/servicios-estrategicos\/centros\/\">\n\t\t\t\t\t\t<span class=\"elementor-button-content-wrapper\">\n\t\t\t\t\t\t\t\t\t<span class=\"elementor-button-text\">Ver los Centros<\/span>\n\t\t\t\t\t<\/span>\n\t\t\t\t\t<\/a>\n\t\t\t\t<\/div>\n\t\t\t\t\t\t\t\t<\/div>\n\t\t\t\t<\/div>\n\t\t\t\t\t<\/div>\n\t\t<\/div>\n\t\t\t\t<div class=\"elementor-column elementor-col-50 elementor-inner-column elementor-element elementor-element-53366bc\" data-id=\"53366bc\" data-element_type=\"column\">\n\t\t\t<div class=\"elementor-widget-wrap elementor-element-populated\">\n\t\t\t\t\t\t<div class=\"elementor-element elementor-element-51f6b6af elementor-invisible elementor-widget elementor-widget-image\" data-id=\"51f6b6af\" data-element_type=\"widget\" data-settings=\"{&quot;_animation&quot;:&quot;fadeInRight&quot;}\" data-widget_type=\"image.default\">\n\t\t\t\t<div class=\"elementor-widget-container\">\n\t\t\t\t\t\t\t\t\t\t\t\t\t\t\t<img fetchpriority=\"high\" decoding=\"async\" width=\"1669\" height=\"2048\" src=\"https:\/\/sceu.frba.utn.edu.ar\/servicios-estrategicos\/wp-content\/uploads\/sites\/602\/2024\/05\/steptodown.com705734.jpg\" class=\"attachment-full size-full wp-image-589\" alt=\"\" srcset=\"https:\/\/sceu.frba.utn.edu.ar\/servicios-estrategicos\/wp-content\/uploads\/sites\/602\/2024\/05\/steptodown.com705734.jpg 1669w, https:\/\/sceu.frba.utn.edu.ar\/servicios-estrategicos\/wp-content\/uploads\/sites\/602\/2024\/05\/steptodown.com705734-244x300.jpg 244w, https:\/\/sceu.frba.utn.edu.ar\/servicios-estrategicos\/wp-content\/uploads\/sites\/602\/2024\/05\/steptodown.com705734-835x1024.jpg 835w, https:\/\/sceu.frba.utn.edu.ar\/servicios-estrategicos\/wp-content\/uploads\/sites\/602\/2024\/05\/steptodown.com705734-768x942.jpg 768w, https:\/\/sceu.frba.utn.edu.ar\/servicios-estrategicos\/wp-content\/uploads\/sites\/602\/2024\/05\/steptodown.com705734-1252x1536.jpg 1252w\" sizes=\"(max-width: 1669px) 100vw, 1669px\" \/>\t\t\t\t\t\t\t\t\t\t\t\t\t\t\t<\/div>\n\t\t\t\t<\/div>\n\t\t\t\t<div class=\"elementor-element elementor-element-46ff401a elementor-widget__width-auto elementor-absolute elementor-widget elementor-widget-image\" data-id=\"46ff401a\" data-element_type=\"widget\" data-settings=\"{&quot;_position&quot;:&quot;absolute&quot;}\" data-widget_type=\"image.default\">\n\t\t\t\t<div class=\"elementor-widget-container\">\n\t\t\t\t\t\t\t\t\t\t\t\t\t\t\t<img decoding=\"async\" width=\"183\" height=\"302\" src=\"https:\/\/sceu.frba.utn.edu.ar\/servicios-estrategicos\/wp-content\/uploads\/sites\/602\/2024\/05\/ee156ca3-object-12about.png\" class=\"attachment-full size-full wp-image-811\" alt=\"\" srcset=\"https:\/\/sceu.frba.utn.edu.ar\/servicios-estrategicos\/wp-content\/uploads\/sites\/602\/2024\/05\/ee156ca3-object-12about.png 183w, https:\/\/sceu.frba.utn.edu.ar\/servicios-estrategicos\/wp-content\/uploads\/sites\/602\/2024\/05\/ee156ca3-object-12about-182x300.png 182w\" sizes=\"(max-width: 183px) 100vw, 183px\" \/>\t\t\t\t\t\t\t\t\t\t\t\t\t\t\t<\/div>\n\t\t\t\t<\/div>\n\t\t\t\t\t<\/div>\n\t\t<\/div>\n\t\t\t\t\t<\/div>\n\t\t<\/section>\n\t\t\t\t<div class=\"elementor-element elementor-element-2a3018e1 elementor-widget__width-initial elementor-widget-tablet__width-initial elementor-absolute elementor-widget elementor-widget-spacer\" data-id=\"2a3018e1\" data-element_type=\"widget\" data-settings=\"{&quot;_position&quot;:&quot;absolute&quot;}\" data-widget_type=\"spacer.default\">\n\t\t\t\t<div class=\"elementor-widget-container\">\n\t\t\t\t\t\t\t<div class=\"elementor-spacer\">\n\t\t\t<div class=\"elementor-spacer-inner\"><\/div>\n\t\t<\/div>\n\t\t\t\t\t\t<\/div>\n\t\t\t\t<\/div>\n\t\t\t\t\t<\/div>\n\t\t<\/div>\n\t\t\t\t\t<\/div>\n\t\t<\/section>\n\t\t\t\t<section class=\"elementor-section elementor-top-section elementor-element elementor-element-6d37468c elementor-section-stretched elementor-section-full_width elementor-section-content-middle elementor-section-height-default elementor-section-height-default wpr-particle-no wpr-jarallax-no wpr-parallax-no wpr-sticky-section-no\" data-id=\"6d37468c\" data-element_type=\"section\" data-settings=\"{&quot;stretch_section&quot;:&quot;section-stretched&quot;,&quot;background_background&quot;:&quot;classic&quot;}\">\n\t\t\t\t\t\t<div class=\"elementor-container elementor-column-gap-no\">\n\t\t\t\t\t<div class=\"elementor-column elementor-col-100 elementor-top-column elementor-element elementor-element-25f3d66f\" data-id=\"25f3d66f\" data-element_type=\"column\">\n\t\t\t<div class=\"elementor-widget-wrap elementor-element-populated\">\n\t\t\t\t\t\t<div class=\"elementor-element elementor-element-7dd706ff elementor-widget__width-auto elementor-absolute elementor-widget elementor-widget-image\" data-id=\"7dd706ff\" data-element_type=\"widget\" data-settings=\"{&quot;_position&quot;:&quot;absolute&quot;}\" data-widget_type=\"image.default\">\n\t\t\t\t<div class=\"elementor-widget-container\">\n\t\t\t\t\t\t\t\t\t\t\t\t\t\t\t<img decoding=\"async\" width=\"183\" height=\"302\" src=\"https:\/\/sceu.frba.utn.edu.ar\/servicios-estrategicos\/wp-content\/uploads\/sites\/602\/2024\/05\/96ac75cb-object-8our-exprience.png\" class=\"attachment-full size-full wp-image-237\" alt=\"\" srcset=\"https:\/\/sceu.frba.utn.edu.ar\/servicios-estrategicos\/wp-content\/uploads\/sites\/602\/2024\/05\/96ac75cb-object-8our-exprience.png 183w, https:\/\/sceu.frba.utn.edu.ar\/servicios-estrategicos\/wp-content\/uploads\/sites\/602\/2024\/05\/96ac75cb-object-8our-exprience-182x300.png 182w\" sizes=\"(max-width: 183px) 100vw, 183px\" \/>\t\t\t\t\t\t\t\t\t\t\t\t\t\t\t<\/div>\n\t\t\t\t<\/div>\n\t\t\t\t<section class=\"elementor-section elementor-inner-section elementor-element elementor-element-62b465a6 elementor-section-boxed elementor-section-height-default elementor-section-height-default wpr-particle-no wpr-jarallax-no wpr-parallax-no wpr-sticky-section-no\" data-id=\"62b465a6\" data-element_type=\"section\">\n\t\t\t\t\t\t<div class=\"elementor-container elementor-column-gap-no\">\n\t\t\t\t\t<div class=\"elementor-column elementor-col-50 elementor-inner-column elementor-element elementor-element-723682dd\" data-id=\"723682dd\" data-element_type=\"column\">\n\t\t\t<div class=\"elementor-widget-wrap elementor-element-populated\">\n\t\t\t\t\t\t<div class=\"elementor-element elementor-element-32d37d2c elementor-invisible elementor-widget elementor-widget-image\" data-id=\"32d37d2c\" data-element_type=\"widget\" data-settings=\"{&quot;_animation&quot;:&quot;fadeInLeft&quot;}\" data-widget_type=\"image.default\">\n\t\t\t\t<div class=\"elementor-widget-container\">\n\t\t\t\t\t\t\t\t\t\t\t\t\t\t\t<img loading=\"lazy\" decoding=\"async\" width=\"408\" height=\"612\" src=\"https:\/\/sceu.frba.utn.edu.ar\/servicios-estrategicos\/wp-content\/uploads\/sites\/602\/2024\/05\/valor-en-accion.jpeg\" class=\"attachment-full size-full wp-image-815\" alt=\"\" srcset=\"https:\/\/sceu.frba.utn.edu.ar\/servicios-estrategicos\/wp-content\/uploads\/sites\/602\/2024\/05\/valor-en-accion.jpeg 408w, https:\/\/sceu.frba.utn.edu.ar\/servicios-estrategicos\/wp-content\/uploads\/sites\/602\/2024\/05\/valor-en-accion-200x300.jpeg 200w\" sizes=\"(max-width: 408px) 100vw, 408px\" \/>\t\t\t\t\t\t\t\t\t\t\t\t\t\t\t<\/div>\n\t\t\t\t<\/div>\n\t\t\t\t\t<\/div>\n\t\t<\/div>\n\t\t\t\t<div class=\"elementor-column elementor-col-50 elementor-inner-column elementor-element elementor-element-652e4de9 elementor-invisible\" data-id=\"652e4de9\" data-element_type=\"column\" data-settings=\"{&quot;animation&quot;:&quot;fadeInRight&quot;}\">\n\t\t\t<div class=\"elementor-widget-wrap elementor-element-populated\">\n\t\t\t\t\t\t<div class=\"elementor-element elementor-element-6dd5b43e elementor-widget elementor-widget-heading\" data-id=\"6dd5b43e\" data-element_type=\"widget\" data-widget_type=\"heading.default\">\n\t\t\t\t<div class=\"elementor-widget-container\">\n\t\t\t\t\t<h2 class=\"elementor-heading-title elementor-size-default\">Nuestro valor en acci\u00f3n<\/h2>\t\t\t\t<\/div>\n\t\t\t\t<\/div>\n\t\t\t\t<div class=\"elementor-element elementor-element-3a18f37e elementor-widget elementor-widget-text-editor\" data-id=\"3a18f37e\" data-element_type=\"widget\" data-widget_type=\"text-editor.default\">\n\t\t\t\t<div class=\"elementor-widget-container\">\n\t\t\t\t\t\t\t\t\t<p>Nos entusiasma la idea de abrir nuestras puertas y mostrar en detalle c\u00f3mo nos enfrentamos a cada proyecto, compartiendo con la amplia comunidad de empresas e instituciones nuestra metodolog\u00eda \u00fanica y la manera en que superamos los retos que se nos presentan. En este espacio, te guiaremos a trav\u00e9s de cada etapa de nuestro proceso, revelando el c\u00f3mo y el porqu\u00e9 de nuestro enfoque.<\/p><p><br \/>Nuestro camino hacia la excelencia se fundamenta en una serie de pasos cuidadosamente dise\u00f1ados que garantizan la calidad, la innovaci\u00f3n y el \u00e9xito de cada proyecto que emprendemos.<\/p>\t\t\t\t\t\t\t\t<\/div>\n\t\t\t\t<\/div>\n\t\t\t\t<div class=\"elementor-element elementor-element-449ec415 elementor-widget elementor-widget-button\" data-id=\"449ec415\" data-element_type=\"widget\" data-widget_type=\"button.default\">\n\t\t\t\t<div class=\"elementor-widget-container\">\n\t\t\t\t\t\t\t\t\t<div class=\"elementor-button-wrapper\">\n\t\t\t\t\t<a class=\"elementor-button elementor-button-link elementor-size-sm\" href=\"https:\/\/sceu.frba.utn.edu.ar\/servicios-estrategicos\/nuestro-valor-en-accion\/\">\n\t\t\t\t\t\t<span class=\"elementor-button-content-wrapper\">\n\t\t\t\t\t\t\t\t\t<span class=\"elementor-button-text\">+ Info<\/span>\n\t\t\t\t\t<\/span>\n\t\t\t\t\t<\/a>\n\t\t\t\t<\/div>\n\t\t\t\t\t\t\t\t<\/div>\n\t\t\t\t<\/div>\n\t\t\t\t\t<\/div>\n\t\t<\/div>\n\t\t\t\t\t<\/div>\n\t\t<\/section>\n\t\t\t\t\t<\/div>\n\t\t<\/div>\n\t\t\t\t\t<\/div>\n\t\t<\/section>\n\t\t\t\t<\/div>\n\t\t","protected":false},"excerpt":{"rendered":"<p>\/*! elementor &#8211; v3.18.0 &#8211; 20-12-2023 *\/ .elementor-heading-title{padding:0;margin:0;line-height:1}.elementor-widget-heading .elementor-heading-title[class*=elementor-size-]&gt;a{color:inherit;font-size:inherit;line-height:inherit}.elementor-widget-heading .elementor-heading-title.elementor-size-small{font-size:15px}.elementor-widget-heading .elementor-heading-title.elementor-size-medium{font-size:19px}.elementor-widget-heading .elementor-heading-title.elementor-size-large{font-size:29px}.elementor-widget-heading .elementor-heading-title.elementor-size-xl{font-size:39px}.elementor-widget-heading .elementor-heading-title.elementor-size-xxl{font-size:59px} Servicios Soluciones integrales y un equipo de profesionales comprometidos para colaborar y acompa\u00f1ar los desaf\u00edos de las organizaciones, empresas y emprendimientos. Servicios de Consultor\u00eda En cada proyecto, a trav\u00e9s de nuestros centros especializados nos comprometemos a ofrecer un servicio personalizado, basado en la experiencia, la profesionalidad y la \u00e9tica. Nos enorgullece ser parte del crecimiento y \u00e9xito de las organizaciones que conf\u00edan en nuestra experiencia y capacidad de innovaci\u00f3n. Conectamos la Facultad Regional Buenos Aires y sus conocimientos, con la realidad de las organizaciones. Ver los Centros \/*! elementor &#8211; v3.18.0 &#8211; 20-12-2023 *\/ .elementor-widget-image{text-align:center}.elementor-widget-image a{display:inline-block}.elementor-widget-image a img[src$=&#8221;.svg&#8221;]{width:48px}.elementor-widget-image img{vertical-align:middle;display:inline-block} \/*! elementor &#8211; v3.18.0 &#8211; 20-12-2023 *\/ .elementor-column .elementor-spacer-inner{height:var(&#8211;spacer-size)}.e-con{&#8211;container-widget-width:100%}.e-con-inner&gt;.elementor-widget-spacer,.e-con&gt;.elementor-widget-spacer{width:var(&#8211;container-widget-width,var(&#8211;spacer-size));&#8211;align-self:var(&#8211;container-widget-align-self,initial);&#8211;flex-shrink:0}.e-con-inner&gt;.elementor-widget-spacer&gt;.elementor-widget-container,.e-con&gt;.elementor-widget-spacer&gt;.elementor-widget-container{height:100%;width:100%}.e-con-inner&gt;.elementor-widget-spacer&gt;.elementor-widget-container&gt;.elementor-spacer,.e-con&gt;.elementor-widget-spacer&gt;.elementor-widget-container&gt;.elementor-spacer{height:100%}.e-con-inner&gt;.elementor-widget-spacer&gt;.elementor-widget-container&gt;.elementor-spacer&gt;.elementor-spacer-inner,.e-con&gt;.elementor-widget-spacer&gt;.elementor-widget-container&gt;.elementor-spacer&gt;.elementor-spacer-inner{height:var(&#8211;container-widget-height,var(&#8211;spacer-size))}.e-con-inner&gt;.elementor-widget-spacer.elementor-widget-empty,.e-con&gt;.elementor-widget-spacer.elementor-widget-empty{position:relative;min-height:22px;min-width:22px}.e-con-inner&gt;.elementor-widget-spacer.elementor-widget-empty .elementor-widget-empty-icon,.e-con&gt;.elementor-widget-spacer.elementor-widget-empty .elementor-widget-empty-icon{position:absolute;top:0;bottom:0;left:0;right:0;margin:auto;padding:0;width:22px;height:22px} Nuestro valor en acci\u00f3n Nos entusiasma la idea de abrir nuestras puertas y mostrar en detalle c\u00f3mo nos enfrentamos a cada proyecto, compartiendo con la amplia comunidad de empresas e instituciones nuestra metodolog\u00eda \u00fanica y la manera en que superamos los retos que se nos presentan. En este espacio, te guiaremos a trav\u00e9s de cada etapa de nuestro proceso, revelando el c\u00f3mo y el porqu\u00e9 de nuestro enfoque. Nuestro camino hacia la excelencia se fundamenta en una serie de pasos cuidadosamente dise\u00f1ados que garantizan la calidad, la innovaci\u00f3n y el \u00e9xito de cada proyecto que emprendemos. + Info<\/p>\n","protected":false},"author":181,"featured_media":0,"parent":0,"menu_order":0,"comment_status":"closed","ping_status":"closed","template":"","meta":{"_acf_changed":false,"footnotes":""},"class_list":["post-942","page","type-page","status-publish","hentry"],"acf":[],"_links":{"self":[{"href":"https:\/\/sceu.frba.utn.edu.ar\/servicios-estrategicos\/wp-json\/wp\/v2\/pages\/942","targetHints":{"allow":["GET"]}}],"collection":[{"href":"https:\/\/sceu.frba.utn.edu.ar\/servicios-estrategicos\/wp-json\/wp\/v2\/pages"}],"about":[{"href":"https:\/\/sceu.frba.utn.edu.ar\/servicios-estrategicos\/wp-json\/wp\/v2\/types\/page"}],"author":[{"embeddable":true,"href":"https:\/\/sceu.frba.utn.edu.ar\/servicios-estrategicos\/wp-json\/wp\/v2\/users\/181"}],"replies":[{"embeddable":true,"href":"https:\/\/sceu.frba.utn.edu.ar\/servicios-estrategicos\/wp-json\/wp\/v2\/comments?post=942"}],"version-history":[{"count":25,"href":"https:\/\/sceu.frba.utn.edu.ar\/servicios-estrategicos\/wp-json\/wp\/v2\/pages\/942\/revisions"}],"predecessor-version":[{"id":1610,"href":"https:\/\/sceu.frba.utn.edu.ar\/servicios-estrategicos\/wp-json\/wp\/v2\/pages\/942\/revisions\/1610"}],"wp:attachment":[{"href":"https:\/\/sceu.frba.utn.edu.ar\/servicios-estrategicos\/wp-json\/wp\/v2\/media?parent=942"}],"curies":[{"name":"wp","href":"https:\/\/api.w.org\/{rel}","templated":true}]}}